{"id":947,"date":"2022-05-16T11:38:26","date_gmt":"2022-05-16T09:38:26","guid":{"rendered":"https:\/\/www.airmate.aero\/shop\/?post_type=product&#038;p=947"},"modified":"2025-05-11T09:57:15","modified_gmt":"2025-05-11T07:57:15","slug":"maroc-air-million-vfr-carte-digitale","status":"publish","type":"product","link":"https:\/\/www.airmate.aero\/shop\/?product=maroc-air-million-vfr-carte-digitale&lang=fr","title":{"rendered":"Maroc Air Million VFR 2025 carte digitale"},"content":{"rendered":"Carte digitale Air Million Maroc 2025 pour votre app Airmate. Vous pouvez t\u00e9l\u00e9charger et installer la carte digitale sur n\u2019importe quel \u00e9quipement iOS ou Android associ\u00e9 \u00e0 votre compte Airmate. ","protected":false},"excerpt":{"rendered":"Carte digitale Air Million 2025 du Maroc pour Airmate.","protected":false},"featured_media":949,"template":"","meta":[],"product_cat":[51],"product_tag":[],"_links":{"self":[{"href":"https:\/\/www.airmate.aero\/shop\/index.php?rest_route=\/wp\/v2\/product\/947"}],"collection":[{"href":"https:\/\/www.airmate.aero\/shop\/index.php?rest_route=\/wp\/v2\/product"}],"about":[{"href":"https:\/\/www.airmate.aero\/shop\/index.php?rest_route=\/wp\/v2\/types\/product"}],"wp:featuredmedia":[{"embeddable":true,"href":"https:\/\/www.airmate.aero\/shop\/index.php?rest_route=\/wp\/v2\/media\/949"}],"wp:attachment":[{"href":"https:\/\/www.airmate.aero\/shop\/index.php?rest_route=%2Fwp%2Fv2%2Fmedia&parent=947"}],"wp:term":[{"taxonomy":"product_cat","embeddable":true,"href":"https:\/\/www.airmate.aero\/shop\/index.php?rest_route=%2Fwp%2Fv2%2Fproduct_cat&post=947"},{"taxonomy":"product_tag","embeddable":true,"href":"https:\/\/www.airmate.aero\/shop\/index.php?rest_route=%2Fwp%2Fv2%2Fproduct_tag&post=947"}],"curies":[{"name":"wp","href":"https:\/\/api.w.org\/{rel}","templated":true}]}}