{"id":944,"date":"2022-05-16T09:54:46","date_gmt":"2022-05-16T07:54:46","guid":{"rendered":"https:\/\/www.airmate.aero\/shop\/?post_type=product&#038;p=944"},"modified":"2025-05-11T09:58:07","modified_gmt":"2025-05-11T07:58:07","slug":"tunisie-air-million-vfr-carte-digitale","status":"publish","type":"product","link":"https:\/\/www.airmate.aero\/shop\/?product=tunisie-air-million-vfr-carte-digitale&lang=fr","title":{"rendered":"Tunisie Air Million VFR 2025 carte digitale"},"content":{"rendered":"Carte digitale Air Million Tunisie 2025 pour votre app Airmate. Vous pouvez t\u00e9l\u00e9charger et installer la carte digitale sur n\u2019importe quel \u00e9quipement iOS ou Android associ\u00e9 \u00e0 votre compte Airmate. ","protected":false},"excerpt":{"rendered":"Carte digitale Air Million 2025 de la Tunisie pour Airmate.","protected":false},"featured_media":946,"template":"","meta":[],"product_cat":[51],"product_tag":[],"_links":{"self":[{"href":"https:\/\/www.airmate.aero\/shop\/index.php?rest_route=\/wp\/v2\/product\/944"}],"collection":[{"href":"https:\/\/www.airmate.aero\/shop\/index.php?rest_route=\/wp\/v2\/product"}],"about":[{"href":"https:\/\/www.airmate.aero\/shop\/index.php?rest_route=\/wp\/v2\/types\/product"}],"wp:featuredmedia":[{"embeddable":true,"href":"https:\/\/www.airmate.aero\/shop\/index.php?rest_route=\/wp\/v2\/media\/946"}],"wp:attachment":[{"href":"https:\/\/www.airmate.aero\/shop\/index.php?rest_route=%2Fwp%2Fv2%2Fmedia&parent=944"}],"wp:term":[{"taxonomy":"product_cat","embeddable":true,"href":"https:\/\/www.airmate.aero\/shop\/index.php?rest_route=%2Fwp%2Fv2%2Fproduct_cat&post=944"},{"taxonomy":"product_tag","embeddable":true,"href":"https:\/\/www.airmate.aero\/shop\/index.php?rest_route=%2Fwp%2Fv2%2Fproduct_tag&post=944"}],"curies":[{"name":"wp","href":"https:\/\/api.w.org\/{rel}","templated":true}]}}