{"id":87,"date":"2019-07-02T13:04:26","date_gmt":"2019-07-02T11:04:26","guid":{"rendered":"https:\/\/www.airmate.aero\/shop\/?post_type=product&#038;p=87"},"modified":"2023-03-25T08:58:07","modified_gmt":"2023-03-25T07:58:07","slug":"affichage-trafic-planeur-flarm","status":"publish","type":"product","link":"https:\/\/www.airmate.aero\/shop\/?product=affichage-trafic-planeur-flarm&lang=fr","title":{"rendered":"Affichage trafic planeur FLARM"},"content":{"rendered":"Cet abonnement annuel \u00e0 la license FLARM vous permet de visualiser les trafics FLARM (par exemple des planeurs \u00e9quip\u00e9s FLARM) sur la carte a\u00e9ronautique d&rsquo;Airmate iOS. Il est n\u00e9cessaire de connecter votre app iOS Airmate \u00e0 un r\u00e9cepteur uAvionix SkyEcho2 qui supporte la r\u00e9ception des donn\u00e9es FLARM. Valable pour un an, cette license n&rsquo;est pour l&rsquo;instant utilisable que sur Airmate iOS (pr\u00e9vue sur Android dans les prochains mois).\r\n","protected":false},"excerpt":{"rendered":"Utilis\u00e9 conjointement avec un r\u00e9cepteur ADS-B uAvionix Sky Echo 2, cet abonnement annuel \u00e0 la license FLARM vous permet de visualiser les trafics FLARM sur la carte a\u00e9ronautique d&rsquo;Airmate iOS","protected":false},"featured_media":114,"template":"","meta":[],"product_cat":[17],"product_tag":[],"_links":{"self":[{"href":"https:\/\/www.airmate.aero\/shop\/index.php?rest_route=\/wp\/v2\/product\/87"}],"collection":[{"href":"https:\/\/www.airmate.aero\/shop\/index.php?rest_route=\/wp\/v2\/product"}],"about":[{"href":"https:\/\/www.airmate.aero\/shop\/index.php?rest_route=\/wp\/v2\/types\/product"}],"wp:featuredmedia":[{"embeddable":true,"href":"https:\/\/www.airmate.aero\/shop\/index.php?rest_route=\/wp\/v2\/media\/114"}],"wp:attachment":[{"href":"https:\/\/www.airmate.aero\/shop\/index.php?rest_route=%2Fwp%2Fv2%2Fmedia&parent=87"}],"wp:term":[{"taxonomy":"product_cat","embeddable":true,"href":"https:\/\/www.airmate.aero\/shop\/index.php?rest_route=%2Fwp%2Fv2%2Fproduct_cat&post=87"},{"taxonomy":"product_tag","embeddable":true,"href":"https:\/\/www.airmate.aero\/shop\/index.php?rest_route=%2Fwp%2Fv2%2Fproduct_tag&post=87"}],"curies":[{"name":"wp","href":"https:\/\/api.w.org\/{rel}","templated":true}]}}