{"id":850,"date":"2022-03-25T14:39:23","date_gmt":"2022-03-25T13:39:23","guid":{"rendered":"https:\/\/www.airmate.aero\/shop\/?post_type=product&#038;p=850"},"modified":"2025-07-17T10:45:05","modified_gmt":"2025-07-17T08:45:05","slug":"estonie-rogers-data-vfr-carte-digitale","status":"publish","type":"product","link":"https:\/\/www.airmate.aero\/shop\/?product=estonie-rogers-data-vfr-carte-digitale&lang=fr","title":{"rendered":"Estonie Rogers Data VFR carte digitale 2025"},"content":{"rendered":"T\u00e9l\u00e9chargement et visualisation \u00e0 partir d\u2019Airmate iOS ou Android de la carte digitale VFR de l&rsquo;Estonie par Rogers Data, \u00e9dition 2025. Vous pouvez installer cette carte digitale sur plusieurs \u00e9quipements connect\u00e9s \u00e0 votre compte Airmate. ","protected":false},"excerpt":{"rendered":"Carte digitale VFR de l&rsquo;Estonie par Rogers Data, pour Airmate.","protected":false},"featured_media":851,"template":"","meta":[],"product_cat":[51],"product_tag":[],"_links":{"self":[{"href":"https:\/\/www.airmate.aero\/shop\/index.php?rest_route=\/wp\/v2\/product\/850"}],"collection":[{"href":"https:\/\/www.airmate.aero\/shop\/index.php?rest_route=\/wp\/v2\/product"}],"about":[{"href":"https:\/\/www.airmate.aero\/shop\/index.php?rest_route=\/wp\/v2\/types\/product"}],"wp:featuredmedia":[{"embeddable":true,"href":"https:\/\/www.airmate.aero\/shop\/index.php?rest_route=\/wp\/v2\/media\/851"}],"wp:attachment":[{"href":"https:\/\/www.airmate.aero\/shop\/index.php?rest_route=%2Fwp%2Fv2%2Fmedia&parent=850"}],"wp:term":[{"taxonomy":"product_cat","embeddable":true,"href":"https:\/\/www.airmate.aero\/shop\/index.php?rest_route=%2Fwp%2Fv2%2Fproduct_cat&post=850"},{"taxonomy":"product_tag","embeddable":true,"href":"https:\/\/www.airmate.aero\/shop\/index.php?rest_route=%2Fwp%2Fv2%2Fproduct_tag&post=850"}],"curies":[{"name":"wp","href":"https:\/\/api.w.org\/{rel}","templated":true}]}}