{"id":85,"date":"2019-07-02T12:58:56","date_gmt":"2019-07-02T10:58:56","guid":{"rendered":"https:\/\/www.airmate.aero\/shop\/?post_type=product&#038;p=85"},"modified":"2025-04-18T21:40:13","modified_gmt":"2025-04-18T19:40:13","slug":"carte-ign-vfr-france-oaci-2019","status":"publish","type":"product","link":"https:\/\/www.airmate.aero\/shop\/?product=carte-ign-vfr-france-oaci-2019&lang=fr","title":{"rendered":"France IGN carte digitale OACI 2025"},"content":{"rendered":"<img decoding=\"async\" loading=\"lazy\" src=\"https:\/\/www.airmate.aero\/shop\/wp-content\/uploads\/2019\/06\/IGN-Calvi-225x300.jpg\" alt=\"\" width=\"225\" height=\"300\" class=\"alignnone size-medium wp-image-35\" srcset=\"https:\/\/www.airmate.aero\/shop\/wp-content\/uploads\/2019\/06\/IGN-Calvi-225x300.jpg 225w, https:\/\/www.airmate.aero\/shop\/wp-content\/uploads\/2019\/06\/IGN-Calvi-768x1024.jpg 768w, https:\/\/www.airmate.aero\/shop\/wp-content\/uploads\/2019\/06\/IGN-Calvi-600x800.jpg 600w, https:\/\/www.airmate.aero\/shop\/wp-content\/uploads\/2019\/06\/IGN-Calvi.jpg 1536w\" sizes=\"(max-width: 225px) 100vw, 225px\" \/>\r\n<p>\r\nT\u00e9l\u00e9chargement et visualisation \u00e0 partir d&rsquo;Airmate iOS ou Android de la carte digitale SCAN OACI VFR France de l&rsquo;IGN (Institut G\u00e9ographique National), \u00e9dition 2025. Vous pouvez installer cette carte digitale sur plusieurs \u00e9quipements connect\u00e9s \u00e0 votre compte Airmate.\r\n","protected":false},"excerpt":{"rendered":"Carte digitale SCAN OACI VFR France 2025 de l&rsquo;IGN (Institut G\u00e9ographique National) pour Airmate","protected":false},"featured_media":86,"template":"","meta":[],"product_cat":[46],"product_tag":[],"_links":{"self":[{"href":"https:\/\/www.airmate.aero\/shop\/index.php?rest_route=\/wp\/v2\/product\/85"}],"collection":[{"href":"https:\/\/www.airmate.aero\/shop\/index.php?rest_route=\/wp\/v2\/product"}],"about":[{"href":"https:\/\/www.airmate.aero\/shop\/index.php?rest_route=\/wp\/v2\/types\/product"}],"wp:featuredmedia":[{"embeddable":true,"href":"https:\/\/www.airmate.aero\/shop\/index.php?rest_route=\/wp\/v2\/media\/86"}],"wp:attachment":[{"href":"https:\/\/www.airmate.aero\/shop\/index.php?rest_route=%2Fwp%2Fv2%2Fmedia&parent=85"}],"wp:term":[{"taxonomy":"product_cat","embeddable":true,"href":"https:\/\/www.airmate.aero\/shop\/index.php?rest_route=%2Fwp%2Fv2%2Fproduct_cat&post=85"},{"taxonomy":"product_tag","embeddable":true,"href":"https:\/\/www.airmate.aero\/shop\/index.php?rest_route=%2Fwp%2Fv2%2Fproduct_tag&post=85"}],"curies":[{"name":"wp","href":"https:\/\/api.w.org\/{rel}","templated":true}]}}