{"id":504,"date":"2021-01-27T12:32:58","date_gmt":"2021-01-27T11:32:58","guid":{"rendered":"https:\/\/www.airmate.aero\/shop\/?post_type=product&#038;p=504"},"modified":"2022-06-13T15:14:16","modified_gmt":"2022-06-13T13:14:16","slug":"airmate-airport-2","status":"publish","type":"product","link":"https:\/\/www.airmate.aero\/shop\/?product=airmate-airport-2&lang=fr","title":{"rendered":"Airmate Airport"},"content":{"rendered":"<p>\r\nL&rsquo;abonnement annuel Airmate Airport permet aux exploitants d&rsquo;a\u00e9roports et aux handleurs de suivre en temps r\u00e9el le statut des vols IFR des avions utilisant leurs a\u00e9roports en Europe, gr\u00e2ce \u00e0 l&rsquo;app Airmate iOS. En s\u00e9lectionnant l&rsquo;onglet \u00ab\u00a0Trafic\u00a0\u00bb de la page d&rsquo;information de leur a\u00e9roport, Airmate Dispatcher affichera tous les d\u00e9tails des vols pr\u00e9vus ou effectu\u00e9s ce jour mais aussi hier et le lendemain, incluant:\r\n<ul>\r\n\t<li>num\u00e9ro de vol et\/ou immatriculation de l&rsquo;avion<\/li>\r\n\t<li>a\u00e9roport de d\u00e9part<\/li>\r\n\t<li>a\u00e9roport d&rsquo;arriv\u00e9e<\/li>\r\n\t<li>heure pr\u00e9vue de d\u00e9part (EOBT)<\/li>\r\n\t<li>heure estim\u00e9e d&rsquo;arriv\u00e9e<\/li>\r\n\t<li>heure effective de d\u00e9part apr\u00e8s le d\u00e9collage<\/li>\r\n\t<li>heure effective de d\u00e9part apr\u00e8s l&rsquo;atterrissage<\/li>\r\n\t<li>slot applicable si un slot a \u00e9t\u00e9 impos\u00e9 \u00e0 ce vol<\/li>\r\n\t<li>\u00e9tat du vol: plan de vol d\u00e9pos\u00e9, plan de vol activ\u00e9, avion en vol, vol termin\u00e9<\/li>\r\n<\/ul>\r\n<p>\r\nLe statut des vols est seulement affich\u00e9 pour les vols faisant l&rsquo;objet d&rsquo;un plan de vol IFR d\u00e9pos\u00e9 en Europe. L&rsquo;abonnement \u00e0 Airmate Airport est r\u00e9serv\u00e9 aux professionnels de l&rsquo;aviation, qui s&rsquo;engagent \u00e0 n&rsquo;utiliser ces informations de suivi des vols que pour la gestion et le planning des vols et la gestion des flux.\r\n<p>\r\nAirmate Airport fonctionne avec Airmate iOS (iPhone or iPad), un abonnement est valable pour un utilisateur unique. Contactez l&rsquo;\u00e9quipe commerciale Airmate pour acqu\u00e9rir des licenses group\u00e9es pour plusieurs membres d&rsquo;\u00e9quipe de votre a\u00e9roport. Cette fonctionnalit\u00e9 sera prochainement aussi disponible sur la version Android d&rsquo;Airmate.\r\n<p>\r\nT\u00e9l\u00e9chargez <a href=\"https:\/\/www.airmate.aero\/manuals\/Airmate_Airport_Flight_Tracking.pdf\" rel=\"noopener noreferrer\" target=\"_blank\">la pr\u00e9sentation d&rsquo;Airmate Airport<\/a> pour plus d&rsquo;information et les tarifs de groupe.\r\n\r\n\r\n\r\n","protected":false},"excerpt":{"rendered":"L&rsquo;abonnement annuel Airmate Airport permet aux exploitants d&rsquo;a\u00e9roports et aux handleurs de suivre en temps r\u00e9el le statut des vols IFR des avions utilisant leurs a\u00e9roports en Europe, gr\u00e2ce \u00e0 [&hellip;]","protected":false},"featured_media":614,"template":"","meta":[],"product_cat":[17],"product_tag":[],"_links":{"self":[{"href":"https:\/\/www.airmate.aero\/shop\/index.php?rest_route=\/wp\/v2\/product\/504"}],"collection":[{"href":"https:\/\/www.airmate.aero\/shop\/index.php?rest_route=\/wp\/v2\/product"}],"about":[{"href":"https:\/\/www.airmate.aero\/shop\/index.php?rest_route=\/wp\/v2\/types\/product"}],"wp:featuredmedia":[{"embeddable":true,"href":"https:\/\/www.airmate.aero\/shop\/index.php?rest_route=\/wp\/v2\/media\/614"}],"wp:attachment":[{"href":"https:\/\/www.airmate.aero\/shop\/index.php?rest_route=%2Fwp%2Fv2%2Fmedia&parent=504"}],"wp:term":[{"taxonomy":"product_cat","embeddable":true,"href":"https:\/\/www.airmate.aero\/shop\/index.php?rest_route=%2Fwp%2Fv2%2Fproduct_cat&post=504"},{"taxonomy":"product_tag","embeddable":true,"href":"https:\/\/www.airmate.aero\/shop\/index.php?rest_route=%2Fwp%2Fv2%2Fproduct_tag&post=504"}],"curies":[{"name":"wp","href":"https:\/\/api.w.org\/{rel}","templated":true}]}}