{"id":500,"date":"2021-01-26T15:50:30","date_gmt":"2021-01-26T14:50:30","guid":{"rendered":"https:\/\/www.airmate.aero\/shop\/?post_type=product&#038;p=500"},"modified":"2023-03-25T08:56:16","modified_gmt":"2023-03-25T07:56:16","slug":"depot-illimite-de-plans-de-vols","status":"publish","type":"product","link":"https:\/\/www.airmate.aero\/shop\/?product=depot-illimite-de-plans-de-vols&lang=fr","title":{"rendered":"D\u00e9p\u00f4t illimit\u00e9 de plans de vols &#8211; Abonnement annuel"},"content":{"rendered":"Cet abonnement d&rsquo;un an permet de d\u00e9poser des plans de vols sans limite (en-dehors des USA).\r\n<p>\r\nIl est valide pour un seul pilote utilisant un nombre non limit\u00e9 d&rsquo;iPhone et\/ou d&rsquo;iPad et comprend:\r\n<ul>\r\n\t<li>nombre illimit\u00e9 de plans de vols<\/li>\r\n\t<li>gestion des plans de vols au moyen de l&rsquo;app Airmate iOS, incluant recherche de routes, d\u00e9p\u00f4t des plans de vols, modification et annulation<\/li>\r\n\t<li>suivi en temps r\u00e9el du statut des avions ayant un plan de vol IFR d\u00e9pos\u00e9 pour le m\u00eame jour (consultez le produit Airmate Dispatcher pour la description de cette fonctionnalit\u00e9)<\/li>\r\n<\/ul>\r\n<p>\r\nLe d\u00e9p\u00f4t et la gestion des plans de vol se fait en utilisant l&rsquo;app Airmate iOS (non disponible sur l&rsquo;app Android pour l&rsquo;instant).\r\n<p>\r\nCet abonnement n&rsquo;est pas n\u00e9cessaire aux Etats-Unis, puisque la version gratuite standard d&rsquo;Airmate permet de d\u00e9poser des plans de vols gratuitement et sans limite aux Etats-Unis.\r\n","protected":false},"excerpt":{"rendered":"Cet abonnement d&rsquo;un an permet de d\u00e9poser des plans de vols sans limite (en-dehors des USA). Il est valide pour un seul pilote utilisant un nombre non limit\u00e9 d&rsquo;iPhone et\/ou [&hellip;]","protected":false},"featured_media":616,"template":"","meta":[],"product_cat":[17],"product_tag":[],"_links":{"self":[{"href":"https:\/\/www.airmate.aero\/shop\/index.php?rest_route=\/wp\/v2\/product\/500"}],"collection":[{"href":"https:\/\/www.airmate.aero\/shop\/index.php?rest_route=\/wp\/v2\/product"}],"about":[{"href":"https:\/\/www.airmate.aero\/shop\/index.php?rest_route=\/wp\/v2\/types\/product"}],"wp:featuredmedia":[{"embeddable":true,"href":"https:\/\/www.airmate.aero\/shop\/index.php?rest_route=\/wp\/v2\/media\/616"}],"wp:attachment":[{"href":"https:\/\/www.airmate.aero\/shop\/index.php?rest_route=%2Fwp%2Fv2%2Fmedia&parent=500"}],"wp:term":[{"taxonomy":"product_cat","embeddable":true,"href":"https:\/\/www.airmate.aero\/shop\/index.php?rest_route=%2Fwp%2Fv2%2Fproduct_cat&post=500"},{"taxonomy":"product_tag","embeddable":true,"href":"https:\/\/www.airmate.aero\/shop\/index.php?rest_route=%2Fwp%2Fv2%2Fproduct_tag&post=500"}],"curies":[{"name":"wp","href":"https:\/\/api.w.org\/{rel}","templated":true}]}}