{"id":498,"date":"2021-01-26T15:27:40","date_gmt":"2021-01-26T14:27:40","guid":{"rendered":"https:\/\/www.airmate.aero\/shop\/?post_type=product&#038;p=498"},"modified":"2021-08-08T17:04:34","modified_gmt":"2021-08-08T15:04:34","slug":"airmate-dispatcher-2","status":"publish","type":"product","link":"https:\/\/www.airmate.aero\/shop\/?product=airmate-dispatcher-2&lang=fr","title":{"rendered":"Airmate Dispatcher"},"content":{"rendered":"L&rsquo;abonnement annuel Airmate Dispatcher permet aux op\u00e9rateurs et gestionnaires des vols de suivre en temps r\u00e9el le statut des vols IFR des avions qu&rsquo;ils op\u00e9rent, partout en Europe, gr\u00e2ce \u00e0 l&rsquo;app Airmate iOS. En cliquant sur n&rsquo;importe lesquels des avions de leur liste d&rsquo;avions, Airmate Dispatcher affichera tous les d\u00e9tails des vols pr\u00e9vus ou effectu\u00e9s ce jour, incluant:\r\n<ul>\r\n\t<li>num\u00e9ro de vol et\/ou immatriculation de l&rsquo;avion<\/li>\r\n\t<li>a\u00e9roport de d\u00e9part<\/li>\r\n\t<li>a\u00e9roport d&rsquo;arriv\u00e9e<\/li>\r\n\t<li>heure pr\u00e9vue de d\u00e9part (EOBT)<\/li>\r\n\t<li>heure estim\u00e9e d&rsquo;arriv\u00e9e<\/li>\r\n\t<li>heure effective de d\u00e9part apr\u00e8s le d\u00e9collage<\/li>\r\n\t<li>heure effective de d\u00e9part apr\u00e8s l&rsquo;atterrissage<\/li>\r\n\t<li>slot applicable si un slot a \u00e9t\u00e9 impos\u00e9 \u00e0 ce vol<\/li>\r\n\t<li>\u00e9tat du vol: plan de vol d\u00e9pos\u00e9, plan de vol activ\u00e9, avion en vol, vol termin\u00e9<\/li>\r\n<\/ul>\r\n<p>\r\nLe statut des vols est seulement affich\u00e9 pour les vols faisant l&rsquo;objet d&rsquo;un plan de vol IFR d\u00e9pos\u00e9 dans n&rsquo;importe quel pays europ\u00e9en. L&rsquo;abonnement \u00e0 Airmate Dispatcher est r\u00e9serv\u00e9 aux professionnels de l&rsquo;aviation, qui s&rsquo;engagent \u00e0 n&rsquo;utiliser ces informations de suivi des vols que pour la gestion et le planning des vols et la gestion des flux.\r\n<p>\r\nAirmate Dispatcher n\u00e9cessite la version 2.4 ou sup\u00e9rieure d&rsquo;Airmate sous iOS (iPhone or iPad) (qui sera disponible apr\u00e8s d\u00e9but f\u00e9vrier 2021).\r\n ","protected":false},"excerpt":{"rendered":"L&rsquo;abonnement annuel Airmate Dispatcher permet aux op\u00e9rateurs et gestionnaires des vols de suivre en temps r\u00e9el le statut des vols IFR des avions qu&rsquo;ils op\u00e9rent, partout en Europe, gr\u00e2ce \u00e0 [&hellip;]","protected":false},"featured_media":615,"template":"","meta":[],"product_cat":[17],"product_tag":[],"_links":{"self":[{"href":"https:\/\/www.airmate.aero\/shop\/index.php?rest_route=\/wp\/v2\/product\/498"}],"collection":[{"href":"https:\/\/www.airmate.aero\/shop\/index.php?rest_route=\/wp\/v2\/product"}],"about":[{"href":"https:\/\/www.airmate.aero\/shop\/index.php?rest_route=\/wp\/v2\/types\/product"}],"wp:featuredmedia":[{"embeddable":true,"href":"https:\/\/www.airmate.aero\/shop\/index.php?rest_route=\/wp\/v2\/media\/615"}],"wp:attachment":[{"href":"https:\/\/www.airmate.aero\/shop\/index.php?rest_route=%2Fwp%2Fv2%2Fmedia&parent=498"}],"wp:term":[{"taxonomy":"product_cat","embeddable":true,"href":"https:\/\/www.airmate.aero\/shop\/index.php?rest_route=%2Fwp%2Fv2%2Fproduct_cat&post=498"},{"taxonomy":"product_tag","embeddable":true,"href":"https:\/\/www.airmate.aero\/shop\/index.php?rest_route=%2Fwp%2Fv2%2Fproduct_tag&post=498"}],"curies":[{"name":"wp","href":"https:\/\/api.w.org\/{rel}","templated":true}]}}