{"id":436,"date":"2020-04-23T23:12:39","date_gmt":"2020-04-23T21:12:39","guid":{"rendered":"https:\/\/www.airmate.aero\/shop\/?post_type=product&#038;p=436"},"modified":"2020-07-01T19:08:52","modified_gmt":"2020-07-01T17:08:52","slug":"airmate-military","status":"publish","type":"product","link":"https:\/\/www.airmate.aero\/shop\/?product=airmate-military&lang=fr","title":{"rendered":"Airmate Military"},"content":{"rendered":"L&rsquo;abonnement Militaire d&rsquo;Airmate permet de visualiser des donn\u00e9es militaires dans certains pays:\r\n<ul>\r\n\t<li>fr\u00e9quences militaires UHF<\/li>\r\n\t<li>cartes d&rsquo;approches des a\u00e9rodromes militaires<\/li>\r\n\t<li>MIL NOTAM<\/li>\r\n\t<li>MIL SUP<\/li>\r\n\t<li>cartes de navigation enroute<\/li>\r\n<\/ul>\r\nLes donn\u00e9es disponibles d\u00e9pendent des pays. Les cartes d&rsquo;approches militaires sont list\u00e9es dans la version gratuite d&rsquo;Airmate mais ne peuvent \u00eatre affich\u00e9es que durant la p\u00e9riode de souscription d&rsquo;Airmate Military\r\n<p>\r\nL&rsquo;abonnement est valable pendant un an.\r\n\r\n","protected":false},"excerpt":{"rendered":"L&rsquo;abonnement Militaire d&rsquo;Airmate, valable un an, permet de visualiser des donn\u00e9es militaires dans certains pays: fr\u00e9quences UHF, cartes militaires d&rsquo;approche, cartes militaires en route, MIL NOTAM et MIL SUP.","protected":false},"featured_media":457,"template":"","meta":[],"product_cat":[17],"product_tag":[],"_links":{"self":[{"href":"https:\/\/www.airmate.aero\/shop\/index.php?rest_route=\/wp\/v2\/product\/436"}],"collection":[{"href":"https:\/\/www.airmate.aero\/shop\/index.php?rest_route=\/wp\/v2\/product"}],"about":[{"href":"https:\/\/www.airmate.aero\/shop\/index.php?rest_route=\/wp\/v2\/types\/product"}],"wp:featuredmedia":[{"embeddable":true,"href":"https:\/\/www.airmate.aero\/shop\/index.php?rest_route=\/wp\/v2\/media\/457"}],"wp:attachment":[{"href":"https:\/\/www.airmate.aero\/shop\/index.php?rest_route=%2Fwp%2Fv2%2Fmedia&parent=436"}],"wp:term":[{"taxonomy":"product_cat","embeddable":true,"href":"https:\/\/www.airmate.aero\/shop\/index.php?rest_route=%2Fwp%2Fv2%2Fproduct_cat&post=436"},{"taxonomy":"product_tag","embeddable":true,"href":"https:\/\/www.airmate.aero\/shop\/index.php?rest_route=%2Fwp%2Fv2%2Fproduct_tag&post=436"}],"curies":[{"name":"wp","href":"https:\/\/api.w.org\/{rel}","templated":true}]}}