{"id":407,"date":"2020-03-26T17:47:13","date_gmt":"2020-03-26T16:47:13","guid":{"rendered":"https:\/\/www.airmate.aero\/shop\/?post_type=product&#038;p=407"},"modified":"2025-07-17T10:57:45","modified_gmt":"2025-07-17T08:57:45","slug":"allemagne-rogers-data-vfr-carte-digitale","status":"publish","type":"product","link":"https:\/\/www.airmate.aero\/shop\/?product=allemagne-rogers-data-vfr-carte-digitale&lang=fr","title":{"rendered":"Allemagne Rogers Data VFR 2025 carte digitale"},"content":{"rendered":"T\u00e9l\u00e9chargement et visualisation \u00e0 partir d\u2019Airmate iOS ou Android de la carte digitale VFR compl\u00e8te de l&rsquo;Allemagne par Rogers Data, \u00e9dition 2025. Vous pouvez installer cette carte digitale sur plusieurs \u00e9quipements connect\u00e9s \u00e0 votre compte Airmate. ","protected":false},"excerpt":{"rendered":"Carte digitale VFR Allemagne par Rogers Data, pour Airmate.","protected":false},"featured_media":410,"template":"","meta":[],"product_cat":[51],"product_tag":[],"_links":{"self":[{"href":"https:\/\/www.airmate.aero\/shop\/index.php?rest_route=\/wp\/v2\/product\/407"}],"collection":[{"href":"https:\/\/www.airmate.aero\/shop\/index.php?rest_route=\/wp\/v2\/product"}],"about":[{"href":"https:\/\/www.airmate.aero\/shop\/index.php?rest_route=\/wp\/v2\/types\/product"}],"wp:featuredmedia":[{"embeddable":true,"href":"https:\/\/www.airmate.aero\/shop\/index.php?rest_route=\/wp\/v2\/media\/410"}],"wp:attachment":[{"href":"https:\/\/www.airmate.aero\/shop\/index.php?rest_route=%2Fwp%2Fv2%2Fmedia&parent=407"}],"wp:term":[{"taxonomy":"product_cat","embeddable":true,"href":"https:\/\/www.airmate.aero\/shop\/index.php?rest_route=%2Fwp%2Fv2%2Fproduct_cat&post=407"},{"taxonomy":"product_tag","embeddable":true,"href":"https:\/\/www.airmate.aero\/shop\/index.php?rest_route=%2Fwp%2Fv2%2Fproduct_tag&post=407"}],"curies":[{"name":"wp","href":"https:\/\/api.w.org\/{rel}","templated":true}]}}