{"id":327,"date":"2019-08-21T12:48:28","date_gmt":"2019-08-21T10:48:28","guid":{"rendered":"https:\/\/www.airmate.aero\/shop\/?post_type=product&#038;p=327"},"modified":"2024-08-07T13:31:33","modified_gmt":"2024-08-07T11:31:33","slug":"italie-avioportolano-vfr-2019-carte-digitale","status":"publish","type":"product","link":"https:\/\/www.airmate.aero\/shop\/?product=italie-avioportolano-vfr-2019-carte-digitale&lang=fr","title":{"rendered":"Italie Avioportolano VFR 2024 carte digitale"},"content":{"rendered":"Carte digitale Avioportolano Italie VFR 2024 pour votre app Airmate, couvrant l&rsquo;ensemble de l&rsquo;Italie. Vous pouvez t\u00e9l\u00e9charger et installer la carte digitale sur n\u2019importe quel \u00e9quipement iOS ou Android associ\u00e9 \u00e0 votre compte Airmate. ","protected":false},"excerpt":{"rendered":"Carte digitale Avioportolano 2024 de l&rsquo;ensemble de l&rsquo;Italie pour Airmate.","protected":false},"featured_media":328,"template":"","meta":[],"product_cat":[80],"product_tag":[],"_links":{"self":[{"href":"https:\/\/www.airmate.aero\/shop\/index.php?rest_route=\/wp\/v2\/product\/327"}],"collection":[{"href":"https:\/\/www.airmate.aero\/shop\/index.php?rest_route=\/wp\/v2\/product"}],"about":[{"href":"https:\/\/www.airmate.aero\/shop\/index.php?rest_route=\/wp\/v2\/types\/product"}],"wp:featuredmedia":[{"embeddable":true,"href":"https:\/\/www.airmate.aero\/shop\/index.php?rest_route=\/wp\/v2\/media\/328"}],"wp:attachment":[{"href":"https:\/\/www.airmate.aero\/shop\/index.php?rest_route=%2Fwp%2Fv2%2Fmedia&parent=327"}],"wp:term":[{"taxonomy":"product_cat","embeddable":true,"href":"https:\/\/www.airmate.aero\/shop\/index.php?rest_route=%2Fwp%2Fv2%2Fproduct_cat&post=327"},{"taxonomy":"product_tag","embeddable":true,"href":"https:\/\/www.airmate.aero\/shop\/index.php?rest_route=%2Fwp%2Fv2%2Fproduct_tag&post=327"}],"curies":[{"name":"wp","href":"https:\/\/api.w.org\/{rel}","templated":true}]}}