{"id":313,"date":"2019-08-19T14:46:31","date_gmt":"2019-08-19T12:46:31","guid":{"rendered":"https:\/\/www.airmate.aero\/shop\/?post_type=product&#038;p=313"},"modified":"2024-06-23T12:12:08","modified_gmt":"2024-06-23T10:12:08","slug":"casquette-airmate","status":"publish","type":"product","link":"https:\/\/www.airmate.aero\/shop\/?product=casquette-airmate&lang=fr","title":{"rendered":"Casquette Airmate"},"content":{"rendered":"Affichez fi\u00e8rement votre appartenance \u00e0 la communaut\u00e9 Airmate et prot\u00e9gez-vous du soleil gr\u00e2ce \u00e0 la casquette Airmate. 100% coton, blanche \u00e0 contours bleus Navy, r\u00e9glable pour toutes tailles.","protected":false},"excerpt":{"rendered":"Casquette Airmate 100% coton blanche \u00e0 contours bleus Navy.","protected":false},"featured_media":312,"template":"","meta":[],"product_cat":[114],"product_tag":[],"_links":{"self":[{"href":"https:\/\/www.airmate.aero\/shop\/index.php?rest_route=\/wp\/v2\/product\/313"}],"collection":[{"href":"https:\/\/www.airmate.aero\/shop\/index.php?rest_route=\/wp\/v2\/product"}],"about":[{"href":"https:\/\/www.airmate.aero\/shop\/index.php?rest_route=\/wp\/v2\/types\/product"}],"wp:featuredmedia":[{"embeddable":true,"href":"https:\/\/www.airmate.aero\/shop\/index.php?rest_route=\/wp\/v2\/media\/312"}],"wp:attachment":[{"href":"https:\/\/www.airmate.aero\/shop\/index.php?rest_route=%2Fwp%2Fv2%2Fmedia&parent=313"}],"wp:term":[{"taxonomy":"product_cat","embeddable":true,"href":"https:\/\/www.airmate.aero\/shop\/index.php?rest_route=%2Fwp%2Fv2%2Fproduct_cat&post=313"},{"taxonomy":"product_tag","embeddable":true,"href":"https:\/\/www.airmate.aero\/shop\/index.php?rest_route=%2Fwp%2Fv2%2Fproduct_tag&post=313"}],"curies":[{"name":"wp","href":"https:\/\/api.w.org\/{rel}","templated":true}]}}