{"id":262,"date":"2019-07-09T21:38:30","date_gmt":"2019-07-09T19:38:30","guid":{"rendered":"https:\/\/www.airmate.aero\/shop\/?post_type=product&#038;p=262"},"modified":"2025-07-17T11:00:27","modified_gmt":"2025-07-17T09:00:27","slug":"belgique-rogers-data-carte-digitale-oaci-vfr-2019","status":"publish","type":"product","link":"https:\/\/www.airmate.aero\/shop\/?product=belgique-rogers-data-carte-digitale-oaci-vfr-2019&lang=fr","title":{"rendered":"Belgique Rogers Data carte digitale OACI VFR 2025"},"content":{"rendered":"T\u00e9l\u00e9chargement et visualisation \u00e0 partir d\u2019Airmate iOS ou Android de la carte digitale VFR de la Belgique par Rogers Data, \u00e9dition 2025. Vous pouvez installer cette carte digitale sur plusieurs \u00e9quipements connect\u00e9s \u00e0 votre compte Airmate.","protected":false},"excerpt":{"rendered":"Carte digitale OACI VFR de la Belgique par Rogers Data.","protected":false},"featured_media":264,"template":"","meta":[],"product_cat":[51],"product_tag":[],"_links":{"self":[{"href":"https:\/\/www.airmate.aero\/shop\/index.php?rest_route=\/wp\/v2\/product\/262"}],"collection":[{"href":"https:\/\/www.airmate.aero\/shop\/index.php?rest_route=\/wp\/v2\/product"}],"about":[{"href":"https:\/\/www.airmate.aero\/shop\/index.php?rest_route=\/wp\/v2\/types\/product"}],"wp:featuredmedia":[{"embeddable":true,"href":"https:\/\/www.airmate.aero\/shop\/index.php?rest_route=\/wp\/v2\/media\/264"}],"wp:attachment":[{"href":"https:\/\/www.airmate.aero\/shop\/index.php?rest_route=%2Fwp%2Fv2%2Fmedia&parent=262"}],"wp:term":[{"taxonomy":"product_cat","embeddable":true,"href":"https:\/\/www.airmate.aero\/shop\/index.php?rest_route=%2Fwp%2Fv2%2Fproduct_cat&post=262"},{"taxonomy":"product_tag","embeddable":true,"href":"https:\/\/www.airmate.aero\/shop\/index.php?rest_route=%2Fwp%2Fv2%2Fproduct_tag&post=262"}],"curies":[{"name":"wp","href":"https:\/\/api.w.org\/{rel}","templated":true}]}}