{"id":2082,"date":"2024-05-14T19:43:35","date_gmt":"2024-05-14T17:43:35","guid":{"rendered":"https:\/\/www.airmate.aero\/shop\/?post_type=product&#038;p=2082"},"modified":"2024-05-14T19:44:53","modified_gmt":"2024-05-14T17:44:53","slug":"chine-nordest-carte-digitale-vfr-airmate","status":"publish","type":"product","link":"https:\/\/www.airmate.aero\/shop\/?product=chine-nordest-carte-digitale-vfr-airmate&lang=fr","title":{"rendered":"Chine NordEst carte digitale VFR Airmate"},"content":{"rendered":"T\u00e9l\u00e9chargement et visualisation \u00e0 partir d\u2019Airmate iOS ou Android de la carte digitale VFR par Airmate couvrant le Nord-Est de la Chine (longitudes 123\u00b0 \u00e0 135\u00b0). Vous pouvez installer cette carte digitale sur plusieurs \u00e9quipements connect\u00e9s \u00e0 votre compte Airmate. Cet achat inclut les mises \u00e0 jour gratuites pendant un an. En achetant cette carte tr\u00e8s \u00e9conomique, vous aidez \u00e0 supporter le d\u00e9veloppement d\u2019Airmate. ","protected":false},"excerpt":{"rendered":"Carte digitale VFR par Airmate pour le Nord-Est de la Chine, incluant un an de mises \u00e0 jour.","protected":false},"featured_media":2083,"template":"","meta":[],"product_cat":[213],"product_tag":[],"_links":{"self":[{"href":"https:\/\/www.airmate.aero\/shop\/index.php?rest_route=\/wp\/v2\/product\/2082"}],"collection":[{"href":"https:\/\/www.airmate.aero\/shop\/index.php?rest_route=\/wp\/v2\/product"}],"about":[{"href":"https:\/\/www.airmate.aero\/shop\/index.php?rest_route=\/wp\/v2\/types\/product"}],"wp:featuredmedia":[{"embeddable":true,"href":"https:\/\/www.airmate.aero\/shop\/index.php?rest_route=\/wp\/v2\/media\/2083"}],"wp:attachment":[{"href":"https:\/\/www.airmate.aero\/shop\/index.php?rest_route=%2Fwp%2Fv2%2Fmedia&parent=2082"}],"wp:term":[{"taxonomy":"product_cat","embeddable":true,"href":"https:\/\/www.airmate.aero\/shop\/index.php?rest_route=%2Fwp%2Fv2%2Fproduct_cat&post=2082"},{"taxonomy":"product_tag","embeddable":true,"href":"https:\/\/www.airmate.aero\/shop\/index.php?rest_route=%2Fwp%2Fv2%2Fproduct_tag&post=2082"}],"curies":[{"name":"wp","href":"https:\/\/api.w.org\/{rel}","templated":true}]}}