{"id":2072,"date":"2024-05-11T12:44:26","date_gmt":"2024-05-11T10:44:26","guid":{"rendered":"https:\/\/www.airmate.aero\/shop\/?post_type=product&#038;p=2072"},"modified":"2024-05-11T12:46:02","modified_gmt":"2024-05-11T10:46:02","slug":"chine-ouest-carte-digitale-vfr-airmate","status":"publish","type":"product","link":"https:\/\/www.airmate.aero\/shop\/?product=chine-ouest-carte-digitale-vfr-airmate&lang=fr","title":{"rendered":"Chine Ouest carte digitale VFR Airmate"},"content":{"rendered":"T\u00e9l\u00e9chargement et visualisation \u00e0 partir d\u2019Airmate iOS ou Android de la carte digitale VFR par Airmate couvrant le centre de la Chine (longitudes 73\u00b0 \u00e0 98\u00b0). Vous pouvez installer cette carte digitale sur plusieurs \u00e9quipements connect\u00e9s \u00e0 votre compte Airmate. Cet achat inclut les mises \u00e0 jour gratuites pendant un an. En achetant cette carte tr\u00e8s \u00e9conomique, vous aidez \u00e0 supporter le d\u00e9veloppement d\u2019Airmate. ","protected":false},"excerpt":{"rendered":"Carte digitale VFR par Airmate pour l&rsquo;ouest de la Chine, incluant un an de mises \u00e0 jour.","protected":false},"featured_media":2073,"template":"","meta":[],"product_cat":[213],"product_tag":[],"_links":{"self":[{"href":"https:\/\/www.airmate.aero\/shop\/index.php?rest_route=\/wp\/v2\/product\/2072"}],"collection":[{"href":"https:\/\/www.airmate.aero\/shop\/index.php?rest_route=\/wp\/v2\/product"}],"about":[{"href":"https:\/\/www.airmate.aero\/shop\/index.php?rest_route=\/wp\/v2\/types\/product"}],"wp:featuredmedia":[{"embeddable":true,"href":"https:\/\/www.airmate.aero\/shop\/index.php?rest_route=\/wp\/v2\/media\/2073"}],"wp:attachment":[{"href":"https:\/\/www.airmate.aero\/shop\/index.php?rest_route=%2Fwp%2Fv2%2Fmedia&parent=2072"}],"wp:term":[{"taxonomy":"product_cat","embeddable":true,"href":"https:\/\/www.airmate.aero\/shop\/index.php?rest_route=%2Fwp%2Fv2%2Fproduct_cat&post=2072"},{"taxonomy":"product_tag","embeddable":true,"href":"https:\/\/www.airmate.aero\/shop\/index.php?rest_route=%2Fwp%2Fv2%2Fproduct_tag&post=2072"}],"curies":[{"name":"wp","href":"https:\/\/api.w.org\/{rel}","templated":true}]}}