{"id":204,"date":"2019-07-08T14:07:38","date_gmt":"2019-07-08T12:07:38","guid":{"rendered":"https:\/\/www.airmate.aero\/shop\/?post_type=product&#038;p=204"},"modified":"2025-05-11T10:07:03","modified_gmt":"2025-05-11T08:07:03","slug":"air-million-europe-de-lest-vfr-2019-carte-digitale","status":"publish","type":"product","link":"https:\/\/www.airmate.aero\/shop\/?product=air-million-europe-de-lest-vfr-2019-carte-digitale&lang=fr","title":{"rendered":"Europe de l&rsquo;Est Air Million VFR 2025 carte digitale"},"content":{"rendered":"Carte digitale Air Million Europe de l&rsquo;Est VFR 2025 pour votre app Airmate. La carte Air Million Europe de l&rsquo;Est inclut Bosnie, Bulgarie, Hongrie, Kosovo, Moldavie, Montenegro, Serbie et Slovaquie. Vous pouvez t\u00e9l\u00e9charger et installer la carte digitale sur n\u2019importe quel \u00e9quipement iOS ou Android associ\u00e9 \u00e0 votre compte Airmate. ","protected":false},"excerpt":{"rendered":"Carte digitale Air Million VFR Europe de l&rsquo;Est 2025 pour Airmate.","protected":false},"featured_media":197,"template":"","meta":[],"product_cat":[51],"product_tag":[],"_links":{"self":[{"href":"https:\/\/www.airmate.aero\/shop\/index.php?rest_route=\/wp\/v2\/product\/204"}],"collection":[{"href":"https:\/\/www.airmate.aero\/shop\/index.php?rest_route=\/wp\/v2\/product"}],"about":[{"href":"https:\/\/www.airmate.aero\/shop\/index.php?rest_route=\/wp\/v2\/types\/product"}],"wp:featuredmedia":[{"embeddable":true,"href":"https:\/\/www.airmate.aero\/shop\/index.php?rest_route=\/wp\/v2\/media\/197"}],"wp:attachment":[{"href":"https:\/\/www.airmate.aero\/shop\/index.php?rest_route=%2Fwp%2Fv2%2Fmedia&parent=204"}],"wp:term":[{"taxonomy":"product_cat","embeddable":true,"href":"https:\/\/www.airmate.aero\/shop\/index.php?rest_route=%2Fwp%2Fv2%2Fproduct_cat&post=204"},{"taxonomy":"product_tag","embeddable":true,"href":"https:\/\/www.airmate.aero\/shop\/index.php?rest_route=%2Fwp%2Fv2%2Fproduct_tag&post=204"}],"curies":[{"name":"wp","href":"https:\/\/api.w.org\/{rel}","templated":true}]}}