{"id":199,"date":"2019-07-08T13:48:20","date_gmt":"2019-07-08T11:48:20","guid":{"rendered":"https:\/\/www.airmate.aero\/shop\/?post_type=product&#038;p=199"},"modified":"2025-05-11T10:10:33","modified_gmt":"2025-05-11T08:10:33","slug":"air-million-france-2019-carte-digitale","status":"publish","type":"product","link":"https:\/\/www.airmate.aero\/shop\/?product=air-million-france-2019-carte-digitale&lang=fr","title":{"rendered":"France Air Million VFR 2025 carte digitale"},"content":{"rendered":"Carte digitale Air Million France 2025 pour votre app Airmate. La carte Air Million VFR France couvre la France, la Belgique, le Luxembourg et la Suisse. Vous pouvez t\u00e9l\u00e9charger et installer cette carte digitale sur n&rsquo;importe quel \u00e9quipement iOS ou Android associ\u00e9 \u00e0 votre compte Airmate. Cette carte s&rsquo;affichera aussi sur votre avionique Dynon SkyView si vous \u00eates abonn\u00e9 \u00e0 la base de donn\u00e9es a\u00e9ronautiques Airmate pour SkyView.\r\n","protected":false},"excerpt":{"rendered":"<img decoding=\"async\" loading=\"lazy\" src=\"https:\/\/www.airmate.aero\/shop\/wp-content\/uploads\/2019\/06\/Airmillion-2-169x300.png\" alt=\"\" width=\"169\" height=\"300\" class=\"alignnone size-medium wp-image-33\" srcset=\"https:\/\/www.airmate.aero\/shop\/wp-content\/uploads\/2019\/06\/Airmillion-2-169x300.png 169w, https:\/\/www.airmate.aero\/shop\/wp-content\/uploads\/2019\/06\/Airmillion-2-576x1024.png 576w, https:\/\/www.airmate.aero\/shop\/wp-content\/uploads\/2019\/06\/Airmillion-2-600x1067.png 600w, https:\/\/www.airmate.aero\/shop\/wp-content\/uploads\/2019\/06\/Airmillion-2.png 750w\" sizes=\"(max-width: 169px) 100vw, 169px\" \/>\r\n<br>\r\nCarte digitale Air Million France 2025 pour Airmate.\r\n","protected":false},"featured_media":124,"template":"","meta":[],"product_cat":[46],"product_tag":[],"_links":{"self":[{"href":"https:\/\/www.airmate.aero\/shop\/index.php?rest_route=\/wp\/v2\/product\/199"}],"collection":[{"href":"https:\/\/www.airmate.aero\/shop\/index.php?rest_route=\/wp\/v2\/product"}],"about":[{"href":"https:\/\/www.airmate.aero\/shop\/index.php?rest_route=\/wp\/v2\/types\/product"}],"wp:featuredmedia":[{"embeddable":true,"href":"https:\/\/www.airmate.aero\/shop\/index.php?rest_route=\/wp\/v2\/media\/124"}],"wp:attachment":[{"href":"https:\/\/www.airmate.aero\/shop\/index.php?rest_route=%2Fwp%2Fv2%2Fmedia&parent=199"}],"wp:term":[{"taxonomy":"product_cat","embeddable":true,"href":"https:\/\/www.airmate.aero\/shop\/index.php?rest_route=%2Fwp%2Fv2%2Fproduct_cat&post=199"},{"taxonomy":"product_tag","embeddable":true,"href":"https:\/\/www.airmate.aero\/shop\/index.php?rest_route=%2Fwp%2Fv2%2Fproduct_tag&post=199"}],"curies":[{"name":"wp","href":"https:\/\/api.w.org\/{rel}","templated":true}]}}