{"id":1956,"date":"2024-03-11T23:03:42","date_gmt":"2024-03-11T22:03:42","guid":{"rendered":"https:\/\/www.airmate.aero\/shop\/?post_type=product&#038;p=1956"},"modified":"2024-03-11T23:20:15","modified_gmt":"2024-03-11T22:20:15","slug":"royaume-uni-carte-digitale-vfr-airmate","status":"publish","type":"product","link":"https:\/\/www.airmate.aero\/shop\/?product=royaume-uni-carte-digitale-vfr-airmate&lang=fr","title":{"rendered":"Royaume-Uni carte digitale VFR Airmate"},"content":{"rendered":"T\u00e9l\u00e9chargement et visualisation \u00e0 partir d\u2019Airmate iOS ou Android de la carte digitale VFR de toute l&rsquo;Angleterre par Airmate. Vous pouvez installer cette carte digitale sur plusieurs \u00e9quipements connect\u00e9s \u00e0 votre compte Airmate. Cet achat inclut les mises \u00e0 jour gratuites pendant un an. En achetant cette carte tr\u00e8s \u00e9conomique, vous aidez \u00e0 supporter le d\u00e9veloppement d\u2019Airmate. ","protected":false},"excerpt":{"rendered":"Carte digitale VFR de toute l&rsquo;Angleterre par Airmate, incluant un an de mises \u00e0 jour.","protected":false},"featured_media":1859,"template":"","meta":[],"product_cat":[72],"product_tag":[],"_links":{"self":[{"href":"https:\/\/www.airmate.aero\/shop\/index.php?rest_route=\/wp\/v2\/product\/1956"}],"collection":[{"href":"https:\/\/www.airmate.aero\/shop\/index.php?rest_route=\/wp\/v2\/product"}],"about":[{"href":"https:\/\/www.airmate.aero\/shop\/index.php?rest_route=\/wp\/v2\/types\/product"}],"wp:featuredmedia":[{"embeddable":true,"href":"https:\/\/www.airmate.aero\/shop\/index.php?rest_route=\/wp\/v2\/media\/1859"}],"wp:attachment":[{"href":"https:\/\/www.airmate.aero\/shop\/index.php?rest_route=%2Fwp%2Fv2%2Fmedia&parent=1956"}],"wp:term":[{"taxonomy":"product_cat","embeddable":true,"href":"https:\/\/www.airmate.aero\/shop\/index.php?rest_route=%2Fwp%2Fv2%2Fproduct_cat&post=1956"},{"taxonomy":"product_tag","embeddable":true,"href":"https:\/\/www.airmate.aero\/shop\/index.php?rest_route=%2Fwp%2Fv2%2Fproduct_tag&post=1956"}],"curies":[{"name":"wp","href":"https:\/\/api.w.org\/{rel}","templated":true}]}}