{"id":1752,"date":"2023-09-26T20:37:33","date_gmt":"2023-09-26T18:37:33","guid":{"rendered":"https:\/\/www.airmate.aero\/shop\/?post_type=product&#038;p=1752"},"modified":"2024-03-11T23:22:05","modified_gmt":"2024-03-11T22:22:05","slug":"caraibes-ouest-carte-digitale-vfr-airmate","status":"publish","type":"product","link":"https:\/\/www.airmate.aero\/shop\/?product=caraibes-ouest-carte-digitale-vfr-airmate&lang=fr","title":{"rendered":"Cara\u00efbes Ouest carte digitale VFR Airmate"},"content":{"rendered":"T\u00e9l\u00e9chargement et visualisation \u00e0 partir d\u2019Airmate iOS ou Android de la carte digitale VFR de l&rsquo;Ouest des Cara\u00efbes par Airmate. Cette carte couvre le sud de la Floride, les Bahamas, Cuba, les Iles Turks &#038; Caicos, Ha\u00efti et la R\u00e9publique Dominicaine. La partie de la Floride est la carte Sectionals am\u00e9ricaine, toutes les autres parties sont cr\u00e9\u00e9es par Airmate. Vous pouvez installer cette carte digitale sur plusieurs \u00e9quipements connect\u00e9s \u00e0 votre compte Airmate. Cet achat inclut les mises \u00e0 jour gratuites pendant un an. En achetant cette carte tr\u00e8s \u00e9conomique, vous aidez \u00e0 supporter le d\u00e9veloppement d\u2019Airmate. ","protected":false},"excerpt":{"rendered":"Carte digitale VFR 2023 de l&rsquo;ouest des Cara\u00efbes par Airmate","protected":false},"featured_media":1753,"template":"","meta":[],"product_cat":[51],"product_tag":[],"_links":{"self":[{"href":"https:\/\/www.airmate.aero\/shop\/index.php?rest_route=\/wp\/v2\/product\/1752"}],"collection":[{"href":"https:\/\/www.airmate.aero\/shop\/index.php?rest_route=\/wp\/v2\/product"}],"about":[{"href":"https:\/\/www.airmate.aero\/shop\/index.php?rest_route=\/wp\/v2\/types\/product"}],"wp:featuredmedia":[{"embeddable":true,"href":"https:\/\/www.airmate.aero\/shop\/index.php?rest_route=\/wp\/v2\/media\/1753"}],"wp:attachment":[{"href":"https:\/\/www.airmate.aero\/shop\/index.php?rest_route=%2Fwp%2Fv2%2Fmedia&parent=1752"}],"wp:term":[{"taxonomy":"product_cat","embeddable":true,"href":"https:\/\/www.airmate.aero\/shop\/index.php?rest_route=%2Fwp%2Fv2%2Fproduct_cat&post=1752"},{"taxonomy":"product_tag","embeddable":true,"href":"https:\/\/www.airmate.aero\/shop\/index.php?rest_route=%2Fwp%2Fv2%2Fproduct_tag&post=1752"}],"curies":[{"name":"wp","href":"https:\/\/api.w.org\/{rel}","templated":true}]}}