{"id":165,"date":"2019-07-08T04:50:37","date_gmt":"2019-07-08T02:50:37","guid":{"rendered":"https:\/\/www.airmate.aero\/shop\/?post_type=product&#038;p=165"},"modified":"2025-07-17T11:04:30","modified_gmt":"2025-07-17T09:04:30","slug":"rogers-data-france-2019-vfr-map-2","status":"publish","type":"product","link":"https:\/\/www.airmate.aero\/shop\/?product=rogers-data-france-2019-vfr-map-2&lang=fr","title":{"rendered":"France Rogers Data 2025 carte digitale VFR"},"content":{"rendered":"T\u00e9l\u00e9chargement et visualisation \u00e0 partir d\u2019Airmate iOS ou Android de la carte digitale VFR France 2025 de Rogers Data. Vous pouvez installer cette carte digitale sur plusieurs \u00e9quipements connect\u00e9s \u00e0 votre compte Airmate. ","protected":false},"excerpt":{"rendered":"Carte digitale OACI VFR France de Rogers Data pour Airmate ","protected":false},"featured_media":166,"template":"","meta":[],"product_cat":[46],"product_tag":[],"_links":{"self":[{"href":"https:\/\/www.airmate.aero\/shop\/index.php?rest_route=\/wp\/v2\/product\/165"}],"collection":[{"href":"https:\/\/www.airmate.aero\/shop\/index.php?rest_route=\/wp\/v2\/product"}],"about":[{"href":"https:\/\/www.airmate.aero\/shop\/index.php?rest_route=\/wp\/v2\/types\/product"}],"wp:featuredmedia":[{"embeddable":true,"href":"https:\/\/www.airmate.aero\/shop\/index.php?rest_route=\/wp\/v2\/media\/166"}],"wp:attachment":[{"href":"https:\/\/www.airmate.aero\/shop\/index.php?rest_route=%2Fwp%2Fv2%2Fmedia&parent=165"}],"wp:term":[{"taxonomy":"product_cat","embeddable":true,"href":"https:\/\/www.airmate.aero\/shop\/index.php?rest_route=%2Fwp%2Fv2%2Fproduct_cat&post=165"},{"taxonomy":"product_tag","embeddable":true,"href":"https:\/\/www.airmate.aero\/shop\/index.php?rest_route=%2Fwp%2Fv2%2Fproduct_tag&post=165"}],"curies":[{"name":"wp","href":"https:\/\/api.w.org\/{rel}","templated":true}]}}