{"id":1476,"date":"2023-03-25T08:38:06","date_gmt":"2023-03-25T07:38:06","guid":{"rendered":"https:\/\/www.airmate.aero\/shop\/?post_type=product&#038;p=1476"},"modified":"2023-03-25T08:53:36","modified_gmt":"2023-03-25T07:53:36","slug":"imagerie-aerienne-photorealistique-3d","status":"publish","type":"product","link":"https:\/\/www.airmate.aero\/shop\/?product=imagerie-aerienne-photorealistique-3d&lang=fr","title":{"rendered":"Imagerie a\u00e9rienne photor\u00e9alistique 3D"},"content":{"rendered":"Cet abonnement annuel permet \u00e0 Airmate iOS d&rsquo;afficher une vue photor\u00e9aliste du terrain sur le panneau de Vision Synth\u00e9tique, au lieu de la symbolisation du relief. Les donn\u00e9es photographiques sont t\u00e9l\u00e9chargeables gratuitement dans les pays support\u00e9s (actuellement toute la France). Les donn\u00e9es photo sont stock\u00e9es dans l&rsquo;\u00e9quipement, permettant d&rsquo;afficher en continu la vue 3D du terrain en vol sans connexion internet. Le panneau Vision Synth\u00e9tique affiche la vue terrain photo 3D durant le vol, mais aussi en mode simulation de vol et pendant le debriefing d&rsquo;un vol effectu\u00e9. Cela permet de se familiariser avec le paysage qui sera rencontr\u00e9 lors d&rsquo;un prochain vol. Cette fonction est pour l&rsquo;instant seulement disponible dans la version iOS d&rsquo;Airmate (iPad et iPhone).","protected":false},"excerpt":{"rendered":"Imagerie a\u00e9rienne photo 3D","protected":false},"featured_media":1488,"template":"","meta":[],"product_cat":[17],"product_tag":[],"_links":{"self":[{"href":"https:\/\/www.airmate.aero\/shop\/index.php?rest_route=\/wp\/v2\/product\/1476"}],"collection":[{"href":"https:\/\/www.airmate.aero\/shop\/index.php?rest_route=\/wp\/v2\/product"}],"about":[{"href":"https:\/\/www.airmate.aero\/shop\/index.php?rest_route=\/wp\/v2\/types\/product"}],"wp:featuredmedia":[{"embeddable":true,"href":"https:\/\/www.airmate.aero\/shop\/index.php?rest_route=\/wp\/v2\/media\/1488"}],"wp:attachment":[{"href":"https:\/\/www.airmate.aero\/shop\/index.php?rest_route=%2Fwp%2Fv2%2Fmedia&parent=1476"}],"wp:term":[{"taxonomy":"product_cat","embeddable":true,"href":"https:\/\/www.airmate.aero\/shop\/index.php?rest_route=%2Fwp%2Fv2%2Fproduct_cat&post=1476"},{"taxonomy":"product_tag","embeddable":true,"href":"https:\/\/www.airmate.aero\/shop\/index.php?rest_route=%2Fwp%2Fv2%2Fproduct_tag&post=1476"}],"curies":[{"name":"wp","href":"https:\/\/api.w.org\/{rel}","templated":true}]}}