{"id":118,"date":"2019-07-03T08:14:53","date_gmt":"2019-07-03T06:14:53","guid":{"rendered":"https:\/\/www.airmate.aero\/shop\/?post_type=product&#038;p=118"},"modified":"2019-07-09T14:37:46","modified_gmt":"2019-07-09T12:37:46","slug":"cartes-daerodromes-vfr-rogers-data-autriche","status":"publish","type":"product","link":"https:\/\/www.airmate.aero\/shop\/?product=cartes-daerodromes-vfr-rogers-data-autriche&lang=fr","title":{"rendered":"Autriche: cartes d\u2019a\u00e9rodromes VFR Rogers Data"},"content":{"rendered":"Cet abonnement vous permet de visualiser, t\u00e9l\u00e9charger et imprimer \u00e0 partir d\u2019Airmate les cartes VFR des a\u00e9rodromes en Autriche, \u00e9dit\u00e9es par Rogers Data. Il est valable pendant un an \u00e0 partir de la date de l\u2019achat. Vous pouvez acc\u00e9der aux cartes d\u2019a\u00e9rodromes Rogers Data \u00e0 partir de n\u2019importe quel \u00e9quipement Android ou iOS associ\u00e9 \u00e0 votre compte Airmate.","protected":false},"excerpt":{"rendered":"Cet abonnement annuel vous permet de visualiser, t\u00e9l\u00e9charger et imprimer les cartes VFR des a\u00e9rodromes et bases ULM en Autriche, \u00e9dit\u00e9es par Rogers Data.","protected":false},"featured_media":119,"template":"","meta":[],"product_cat":[66],"product_tag":[],"_links":{"self":[{"href":"https:\/\/www.airmate.aero\/shop\/index.php?rest_route=\/wp\/v2\/product\/118"}],"collection":[{"href":"https:\/\/www.airmate.aero\/shop\/index.php?rest_route=\/wp\/v2\/product"}],"about":[{"href":"https:\/\/www.airmate.aero\/shop\/index.php?rest_route=\/wp\/v2\/types\/product"}],"wp:featuredmedia":[{"embeddable":true,"href":"https:\/\/www.airmate.aero\/shop\/index.php?rest_route=\/wp\/v2\/media\/119"}],"wp:attachment":[{"href":"https:\/\/www.airmate.aero\/shop\/index.php?rest_route=%2Fwp%2Fv2%2Fmedia&parent=118"}],"wp:term":[{"taxonomy":"product_cat","embeddable":true,"href":"https:\/\/www.airmate.aero\/shop\/index.php?rest_route=%2Fwp%2Fv2%2Fproduct_cat&post=118"},{"taxonomy":"product_tag","embeddable":true,"href":"https:\/\/www.airmate.aero\/shop\/index.php?rest_route=%2Fwp%2Fv2%2Fproduct_tag&post=118"}],"curies":[{"name":"wp","href":"https:\/\/api.w.org\/{rel}","templated":true}]}}