{"id":1030,"date":"2022-07-10T18:51:22","date_gmt":"2022-07-10T16:51:22","guid":{"rendered":"https:\/\/www.airmate.aero\/shop\/?post_type=product&#038;p=1030"},"modified":"2022-07-10T20:35:07","modified_gmt":"2022-07-10T18:35:07","slug":"uruguay-carte-digitale-vfr-airmate","status":"publish","type":"product","link":"https:\/\/www.airmate.aero\/shop\/?product=uruguay-carte-digitale-vfr-airmate&lang=fr","title":{"rendered":"Uruguay carte digitale VFR Airmate"},"content":{"rendered":"T\u00e9l\u00e9chargement et visualisation \u00e0 partir d\u2019Airmate iOS ou Android de la carte digitale VFR de l&rsquo;Uruguay par Airmate, \u00e9dition 2022. Vous pouvez installer cette carte digitale sur plusieurs \u00e9quipements connect\u00e9s \u00e0 votre compte Airmate. Des \u00e9volutions r\u00e9guli\u00e8res de cette carte sont pr\u00e9vues et seront t\u00e9l\u00e9chargeables gratuitement durant toute l&rsquo;ann\u00e9e. En achetant cette carte tr\u00e8s \u00e9conomique, vous aidez \u00e0 supporter le d\u00e9veloppement d&rsquo;Airmate.","protected":false},"excerpt":{"rendered":"Carte digitale VFR 2022 de l&rsquo;Uruguay par Airmate.","protected":false},"featured_media":1031,"template":"","meta":[],"product_cat":[172],"product_tag":[],"_links":{"self":[{"href":"https:\/\/www.airmate.aero\/shop\/index.php?rest_route=\/wp\/v2\/product\/1030"}],"collection":[{"href":"https:\/\/www.airmate.aero\/shop\/index.php?rest_route=\/wp\/v2\/product"}],"about":[{"href":"https:\/\/www.airmate.aero\/shop\/index.php?rest_route=\/wp\/v2\/types\/product"}],"wp:featuredmedia":[{"embeddable":true,"href":"https:\/\/www.airmate.aero\/shop\/index.php?rest_route=\/wp\/v2\/media\/1031"}],"wp:attachment":[{"href":"https:\/\/www.airmate.aero\/shop\/index.php?rest_route=%2Fwp%2Fv2%2Fmedia&parent=1030"}],"wp:term":[{"taxonomy":"product_cat","embeddable":true,"href":"https:\/\/www.airmate.aero\/shop\/index.php?rest_route=%2Fwp%2Fv2%2Fproduct_cat&post=1030"},{"taxonomy":"product_tag","embeddable":true,"href":"https:\/\/www.airmate.aero\/shop\/index.php?rest_route=%2Fwp%2Fv2%2Fproduct_tag&post=1030"}],"curies":[{"name":"wp","href":"https:\/\/api.w.org\/{rel}","templated":true}]}}